{"id":228,"date":"2016-10-06T13:20:41","date_gmt":"2016-10-06T11:20:41","guid":{"rendered":"http:\/\/lamp.ocean.ru\/?page_id=228"},"modified":"2024-05-31T12:40:53","modified_gmt":"2024-05-31T10:40:53","slug":"coastal-field-observations","status":"publish","type":"page","link":"http:\/\/lamp.ocean.ru\/index.php\/coastal-field-observations\/","title":{"rendered":"Coastal field observations"},"content":{"rendered":"<p><strong>Physical and dynamical properties of microplastic particles and their transport in the basin with horizontal and vertical salinity gradient in the Baltic Sea, June 30 \u2013 July 10, 20<\/strong><\/p>\n<p style=\"text-align: left;\">The main goals of the expedition are (1) to collect microplastics samples on the beach, (2) to collect the water samples at sea surface layer, (3) to gather the bottom sediment samples in Baltic Sea. The tasks include (1) the primary classification of the microplastics types collected on the beach and at sea surface layer, (2) assessment of the main sources and concentration of microplastics in upper 2 cm layer of the beach (shoreline, wrackline, middle zone of the beach, at the bottom of the foredune), (4) evaluation of the microplastic particles distribution in sea water.<br \/>\n<img loading=\"lazy\" class=\"size-full wp-image-495 alignleft\" src=\"http:\/\/lamp.ocean.ru\/wp-content\/uploads\/2016\/10\/eeemap1.jpg\" alt=\"Site map\" width=\"524\" height=\"592\" srcset=\"http:\/\/lamp.ocean.ru\/wp-content\/uploads\/2016\/10\/eeemap1.jpg 524w, http:\/\/lamp.ocean.ru\/wp-content\/uploads\/2016\/10\/eeemap1-266x300.jpg 266w\" sizes=\"(max-width: 524px) 100vw, 524px\" \/><br \/>\n<img loading=\"lazy\" class=\"wp-image-230 alignnone\" src=\"http:\/\/lamp.ocean.ru\/wp-content\/uploads\/2016\/10\/coast2-300x224.jpg\" alt=\"coast2\" width=\"414\" height=\"309\" srcset=\"http:\/\/lamp.ocean.ru\/wp-content\/uploads\/2016\/10\/coast2-300x224.jpg 300w, http:\/\/lamp.ocean.ru\/wp-content\/uploads\/2016\/10\/coast2.jpg 496w\" sizes=\"(max-width: 414px) 100vw, 414px\" \/><\/p>\n<p>The study area: Baltic sea coastline in the vicinity of Kosa settlement;\u00a0Baltic sea beach and Baltic Channel moles (from book of Shalaginova et al, 2009).<\/p>\n<div style=\"clear: left;\"><img loading=\"lazy\" class=\"size-medium wp-image-231\" src=\"http:\/\/lamp.ocean.ru\/wp-content\/uploads\/2016\/10\/coast3-300x169.jpg\" alt=\"coast3\" width=\"300\" height=\"169\" srcset=\"http:\/\/lamp.ocean.ru\/wp-content\/uploads\/2016\/10\/coast3-300x169.jpg 300w, http:\/\/lamp.ocean.ru\/wp-content\/uploads\/2016\/10\/coast3-768x432.jpg 768w, http:\/\/lamp.ocean.ru\/wp-content\/uploads\/2016\/10\/coast3.jpg 1000w\" sizes=\"(max-width: 300px) 100vw, 300px\" \/> <img loading=\"lazy\" class=\"size-medium wp-image-232\" src=\"http:\/\/lamp.ocean.ru\/wp-content\/uploads\/2016\/10\/coast4-300x169.jpg\" alt=\"coast4\" width=\"300\" height=\"169\" srcset=\"http:\/\/lamp.ocean.ru\/wp-content\/uploads\/2016\/10\/coast4-300x169.jpg 300w, http:\/\/lamp.ocean.ru\/wp-content\/uploads\/2016\/10\/coast4-768x432.jpg 768w, http:\/\/lamp.ocean.ru\/wp-content\/uploads\/2016\/10\/coast4.jpg 1000w\" sizes=\"(max-width: 300px) 100vw, 300px\" \/><img loading=\"lazy\" class=\"size-medium wp-image-304\" src=\"http:\/\/lamp.ocean.ru\/wp-content\/uploads\/2016\/10\/2.07.15-\u00bb\u00bd\u00b4\u00aa-7-300x169.jpg\" alt=\"2-07-15-%c2%bda-7\" width=\"300\" height=\"169\" srcset=\"http:\/\/lamp.ocean.ru\/wp-content\/uploads\/2016\/10\/2.07.15-\u00bb\u00bd\u00b4\u00aa-7-300x169.jpg 300w, http:\/\/lamp.ocean.ru\/wp-content\/uploads\/2016\/10\/2.07.15-\u00bb\u00bd\u00b4\u00aa-7-768x432.jpg 768w, http:\/\/lamp.ocean.ru\/wp-content\/uploads\/2016\/10\/2.07.15-\u00bb\u00bd\u00b4\u00aa-7-678x381.jpg 678w, http:\/\/lamp.ocean.ru\/wp-content\/uploads\/2016\/10\/2.07.15-\u00bb\u00bd\u00b4\u00aa-7.jpg 1000w\" sizes=\"(max-width: 300px) 100vw, 300px\" \/><img loading=\"lazy\" class=\"wp-image-306\" src=\"http:\/\/lamp.ocean.ru\/wp-content\/uploads\/2016\/10\/Kosa_1-300x162.jpg\" alt=\"kosa_1\" width=\"313\" height=\"169\" srcset=\"http:\/\/lamp.ocean.ru\/wp-content\/uploads\/2016\/10\/Kosa_1-300x162.jpg 300w, http:\/\/lamp.ocean.ru\/wp-content\/uploads\/2016\/10\/Kosa_1.jpg 305w\" sizes=\"(max-width: 313px) 100vw, 313px\" \/><\/div>\n<p>The collection of microplactics on the beach and in the sea (70 m isobaths; 20 km away from moles) and its cameral treatment.<\/p>\n<p><strong>Field expedition in the vicinity of Baltic Spit Village (beach area), May 4-6, 2016<\/strong><\/p>\n<p>The main task of expedition includes the collection of the sand, pebble and granules for laboratory experiments and sand samples in the middle area of the wrack-line from the beach surface to the sea level.<\/p>\n<p><img loading=\"lazy\" class=\"size-medium wp-image-308\" src=\"http:\/\/lamp.ocean.ru\/wp-content\/uploads\/2016\/10\/4.05.16-7-300x169.jpg\" alt=\"4-05-16-7\" width=\"300\" height=\"169\" srcset=\"http:\/\/lamp.ocean.ru\/wp-content\/uploads\/2016\/10\/4.05.16-7-300x169.jpg 300w, http:\/\/lamp.ocean.ru\/wp-content\/uploads\/2016\/10\/4.05.16-7.jpg 627w\" sizes=\"(max-width: 300px) 100vw, 300px\" \/><img loading=\"lazy\" class=\"wp-image-310\" src=\"http:\/\/lamp.ocean.ru\/wp-content\/uploads\/2016\/10\/04.05.16_1.jpg\" alt=\"04-05-16_1\" width=\"226\" height=\"168\" srcset=\"http:\/\/lamp.ocean.ru\/wp-content\/uploads\/2016\/10\/04.05.16_1.jpg 235w, http:\/\/lamp.ocean.ru\/wp-content\/uploads\/2016\/10\/04.05.16_1-80x60.jpg 80w\" sizes=\"(max-width: 226px) 100vw, 226px\" \/><\/p>\n<p>I. Chubarenko, A Grave, E. Esiukova, A. Bagaiev &amp; M Bagaieva are collecting a material of different fractions on the beach, May 4, 2016. 40 kg of sand (size range of 0.5 &#8211; 1 mm), 40 kg of pebble (size range of 1-2 cm), and 500 g of granules (size range of 3.5-4.0 mm) were gathered. Photography by I. Chubarenko &amp; E. Esiukova.<\/p>\n<p><img loading=\"lazy\" class=\" size-medium wp-image-321\" src=\"http:\/\/lamp.ocean.ru\/wp-content\/uploads\/2016\/10\/5.05.16-9-169x300.jpg\" alt=\"5-05-16-9\" width=\"169\" height=\"300\" srcset=\"http:\/\/lamp.ocean.ru\/wp-content\/uploads\/2016\/10\/5.05.16-9-169x300.jpg 169w, http:\/\/lamp.ocean.ru\/wp-content\/uploads\/2016\/10\/5.05.16-9.jpg 353w\" sizes=\"(max-width: 169px) 100vw, 169px\" \/><img loading=\"lazy\" class=\"size-medium wp-image-322\" src=\"http:\/\/lamp.ocean.ru\/wp-content\/uploads\/2016\/10\/5.05.16-10_2-169x300.jpg\" alt=\"5-05-16-10_2\" width=\"169\" height=\"300\" srcset=\"http:\/\/lamp.ocean.ru\/wp-content\/uploads\/2016\/10\/5.05.16-10_2-169x300.jpg 169w, http:\/\/lamp.ocean.ru\/wp-content\/uploads\/2016\/10\/5.05.16-10_2.jpg 353w\" sizes=\"(max-width: 169px) 100vw, 169px\" \/><img loading=\"lazy\" class=\"size-medium wp-image-323\" src=\"http:\/\/lamp.ocean.ru\/wp-content\/uploads\/2016\/10\/5.05.16-11-169x300.jpg\" alt=\"5-05-16-11\" width=\"169\" height=\"300\" srcset=\"http:\/\/lamp.ocean.ru\/wp-content\/uploads\/2016\/10\/5.05.16-11-169x300.jpg 169w, http:\/\/lamp.ocean.ru\/wp-content\/uploads\/2016\/10\/5.05.16-11.jpg 353w\" sizes=\"(max-width: 169px) 100vw, 169px\" \/><\/p>\n<p>The collection of 15 samples from the sand surface to depth of 143 cm performed every 10 cm on May 5, 2016. The visual examination of digging pit on the beach showed that there are no any debris and pebble. The sand is clean, with different ranges of sand particles. Photos by I. Chubarenko &amp; E. Esiukova.<\/p>\n<p><img loading=\"lazy\" class=\"wp-image-325\" src=\"http:\/\/lamp.ocean.ru\/wp-content\/uploads\/2016\/10\/5.05.16-\u00ab\u00d4-\u00ea\u00c52-225x300.jpg\" alt=\"5-05-16-o-ea2\" width=\"227\" height=\"303\" srcset=\"http:\/\/lamp.ocean.ru\/wp-content\/uploads\/2016\/10\/5.05.16-\u00ab\u00d4-\u00ea\u00c52-225x300.jpg 225w, http:\/\/lamp.ocean.ru\/wp-content\/uploads\/2016\/10\/5.05.16-\u00ab\u00d4-\u00ea\u00c52-768x1024.jpg 768w, http:\/\/lamp.ocean.ru\/wp-content\/uploads\/2016\/10\/5.05.16-\u00ab\u00d4-\u00ea\u00c52.jpg 838w\" sizes=\"(max-width: 227px) 100vw, 227px\" \/><img loading=\"lazy\" class=\"wp-image-326\" src=\"http:\/\/lamp.ocean.ru\/wp-content\/uploads\/2016\/10\/5.05.16-\u00ab\u00d4-\u00ea\u00c53-1-300x226.jpg\" alt=\"5-05-16-o-ea3\" width=\"401\" height=\"302\" srcset=\"http:\/\/lamp.ocean.ru\/wp-content\/uploads\/2016\/10\/5.05.16-\u00ab\u00d4-\u00ea\u00c53-1-300x226.jpg 300w, http:\/\/lamp.ocean.ru\/wp-content\/uploads\/2016\/10\/5.05.16-\u00ab\u00d4-\u00ea\u00c53-1-768x578.jpg 768w, http:\/\/lamp.ocean.ru\/wp-content\/uploads\/2016\/10\/5.05.16-\u00ab\u00d4-\u00ea\u00c53-1-1024x771.jpg 1024w, http:\/\/lamp.ocean.ru\/wp-content\/uploads\/2016\/10\/5.05.16-\u00ab\u00d4-\u00ea\u00c53-1-678x509.jpg 678w, http:\/\/lamp.ocean.ru\/wp-content\/uploads\/2016\/10\/5.05.16-\u00ab\u00d4-\u00ea\u00c53-1-326x245.jpg 326w, http:\/\/lamp.ocean.ru\/wp-content\/uploads\/2016\/10\/5.05.16-\u00ab\u00d4-\u00ea\u00c53-1-80x60.jpg 80w, http:\/\/lamp.ocean.ru\/wp-content\/uploads\/2016\/10\/5.05.16-\u00ab\u00d4-\u00ea\u00c53-1.jpg 1523w\" sizes=\"(max-width: 401px) 100vw, 401px\" \/><\/p>\n<p>The collection of samples in the ladder-shaped pit on May 5, 2016 performed by I. Chubarenko, A. Bagaiev &amp; M Bagaieva. The bands are 4 cm \u2013 sand, 12 cm \u2013 coarse sand, 16 cm \u2013 fine sand, 22 cm \u2013 sand with 2 grey bands, 26 cm \u2013 the end of wet sand. Photos by I. Chubarenko &amp; E. Esiukova.<\/p>\n<p><img loading=\"lazy\" class=\"wp-image-327\" src=\"http:\/\/lamp.ocean.ru\/wp-content\/uploads\/2016\/10\/5.05.16-25-169x300.jpg\" alt=\"5-05-16-25\" width=\"175\" height=\"310\" srcset=\"http:\/\/lamp.ocean.ru\/wp-content\/uploads\/2016\/10\/5.05.16-25-169x300.jpg 169w, http:\/\/lamp.ocean.ru\/wp-content\/uploads\/2016\/10\/5.05.16-25.jpg 353w\" sizes=\"(max-width: 175px) 100vw, 175px\" \/><img loading=\"lazy\" class=\"wp-image-328\" src=\"http:\/\/lamp.ocean.ru\/wp-content\/uploads\/2016\/10\/5.05.16-30-300x172.jpg\" alt=\"5-05-16-30\" width=\"543\" height=\"311\" srcset=\"http:\/\/lamp.ocean.ru\/wp-content\/uploads\/2016\/10\/5.05.16-30-300x172.jpg 300w, http:\/\/lamp.ocean.ru\/wp-content\/uploads\/2016\/10\/5.05.16-30.jpg 622w\" sizes=\"(max-width: 543px) 100vw, 543px\" \/><\/p>\n<p>The kerns collection on May 5, 2016 by A. Bagaiev &amp; M. Bagaieva. Photos by E. Esiukova.<\/p>\n<p><img loading=\"lazy\" class=\"size-medium wp-image-330\" src=\"http:\/\/lamp.ocean.ru\/wp-content\/uploads\/2016\/10\/5.05.16-33-300x169.jpg\" alt=\"5-05-16-33\" width=\"300\" height=\"169\" srcset=\"http:\/\/lamp.ocean.ru\/wp-content\/uploads\/2016\/10\/5.05.16-33-300x169.jpg 300w, http:\/\/lamp.ocean.ru\/wp-content\/uploads\/2016\/10\/5.05.16-33.jpg 627w\" sizes=\"(max-width: 300px) 100vw, 300px\" \/><img loading=\"lazy\" class=\"size-medium wp-image-331\" src=\"http:\/\/lamp.ocean.ru\/wp-content\/uploads\/2016\/10\/5.05.16-32-300x169.jpg\" alt=\"5-05-16-32\" width=\"300\" height=\"169\" srcset=\"http:\/\/lamp.ocean.ru\/wp-content\/uploads\/2016\/10\/5.05.16-32-300x169.jpg 300w, http:\/\/lamp.ocean.ru\/wp-content\/uploads\/2016\/10\/5.05.16-32.jpg 627w\" sizes=\"(max-width: 300px) 100vw, 300px\" \/><\/p>\n<p>The beach in the vicinity of Shkol\u2019naya Str. and demolition of fortress, May 5, 2016. The excessive amount of macro- and mesoplastic were indicated along the wracklines. There is significant amount of amber, macro-, and mesoplastic on the coastline near the fortress. Photos by E. Esiukova.<\/p>\n<p><img loading=\"lazy\" class=\"size-medium wp-image-332\" src=\"http:\/\/lamp.ocean.ru\/wp-content\/uploads\/2016\/10\/6.05.16-\u00ab\u00d4-\u00ea\u00c54-300x224.jpg\" alt=\"6-05-16-o-ea4\" width=\"300\" height=\"224\" srcset=\"http:\/\/lamp.ocean.ru\/wp-content\/uploads\/2016\/10\/6.05.16-\u00ab\u00d4-\u00ea\u00c54-300x224.jpg 300w, http:\/\/lamp.ocean.ru\/wp-content\/uploads\/2016\/10\/6.05.16-\u00ab\u00d4-\u00ea\u00c54-768x573.jpg 768w, http:\/\/lamp.ocean.ru\/wp-content\/uploads\/2016\/10\/6.05.16-\u00ab\u00d4-\u00ea\u00c54-1024x764.jpg 1024w, http:\/\/lamp.ocean.ru\/wp-content\/uploads\/2016\/10\/6.05.16-\u00ab\u00d4-\u00ea\u00c54-678x509.jpg 678w, http:\/\/lamp.ocean.ru\/wp-content\/uploads\/2016\/10\/6.05.16-\u00ab\u00d4-\u00ea\u00c54-326x245.jpg 326w, http:\/\/lamp.ocean.ru\/wp-content\/uploads\/2016\/10\/6.05.16-\u00ab\u00d4-\u00ea\u00c54-80x60.jpg 80w, http:\/\/lamp.ocean.ru\/wp-content\/uploads\/2016\/10\/6.05.16-\u00ab\u00d4-\u00ea\u00c54.jpg 1547w\" sizes=\"(max-width: 300px) 100vw, 300px\" \/><img loading=\"lazy\" class=\"size-medium wp-image-333\" src=\"http:\/\/lamp.ocean.ru\/wp-content\/uploads\/2016\/10\/6.05.16-\u00ab\u00d4-\u00ea\u00c55-300x224.jpg\" alt=\"6-05-16-o-ea5\" width=\"300\" height=\"224\" srcset=\"http:\/\/lamp.ocean.ru\/wp-content\/uploads\/2016\/10\/6.05.16-\u00ab\u00d4-\u00ea\u00c55-300x224.jpg 300w, http:\/\/lamp.ocean.ru\/wp-content\/uploads\/2016\/10\/6.05.16-\u00ab\u00d4-\u00ea\u00c55-768x574.jpg 768w, http:\/\/lamp.ocean.ru\/wp-content\/uploads\/2016\/10\/6.05.16-\u00ab\u00d4-\u00ea\u00c55-1024x766.jpg 1024w, http:\/\/lamp.ocean.ru\/wp-content\/uploads\/2016\/10\/6.05.16-\u00ab\u00d4-\u00ea\u00c55-678x509.jpg 678w, http:\/\/lamp.ocean.ru\/wp-content\/uploads\/2016\/10\/6.05.16-\u00ab\u00d4-\u00ea\u00c55-326x245.jpg 326w, http:\/\/lamp.ocean.ru\/wp-content\/uploads\/2016\/10\/6.05.16-\u00ab\u00d4-\u00ea\u00c55-80x60.jpg 80w, http:\/\/lamp.ocean.ru\/wp-content\/uploads\/2016\/10\/6.05.16-\u00ab\u00d4-\u00ea\u00c55.jpg 1491w\" sizes=\"(max-width: 300px) 100vw, 300px\" \/><\/p>\n<p>The beach in the vicinity of former airport runway, May 6, 2016. The linear piles of marine debris along the wrackline and sand step were indicated but not over entire beach. Macroplastic coming originally from the sea is scattered rarely but over entire beach apart from the wrackline. On the current wrackline the significant amount of tiny amber crumbs, sea shells, sticks, and microplastic particles were observed. Photos by I. Chubarenko.<\/p>\n<p><img loading=\"lazy\" class=\"alignnone size-medium wp-image-335\" src=\"http:\/\/lamp.ocean.ru\/wp-content\/uploads\/2016\/10\/6.05.16_3-300x226.jpg\" alt=\"6-05-16_3\" width=\"300\" height=\"226\" srcset=\"http:\/\/lamp.ocean.ru\/wp-content\/uploads\/2016\/10\/6.05.16_3-300x226.jpg 300w, http:\/\/lamp.ocean.ru\/wp-content\/uploads\/2016\/10\/6.05.16_3-768x579.jpg 768w, http:\/\/lamp.ocean.ru\/wp-content\/uploads\/2016\/10\/6.05.16_3-678x509.jpg 678w, http:\/\/lamp.ocean.ru\/wp-content\/uploads\/2016\/10\/6.05.16_3-326x245.jpg 326w, http:\/\/lamp.ocean.ru\/wp-content\/uploads\/2016\/10\/6.05.16_3-80x60.jpg 80w, http:\/\/lamp.ocean.ru\/wp-content\/uploads\/2016\/10\/6.05.16_3.jpg 900w\" sizes=\"(max-width: 300px) 100vw, 300px\" \/><\/p>\n<p>Leading engineer A. Grave is performing the measurement of digging pit depth, where sand samples were collected from 14 levels. Sandy body of the beach consisted of several bands of different colours and grain size; six thin dark sand bands were indicated at 55-73 cm depths, three thin dark sand bands were observed from 72 to 106 cm depth. At 60 cm depth from the surface, the coarse black sand was observed; at 98.5 cm (lower than 11-th sampling level) the sand is brighter and finer. Below 12 sampling level, the pebble in the sand was indicated; soggy. The water level was met at 134 cm depth from the beach surface. At 75 cm depth, the polished wooden stick was found; at 50 cm depth the sea shells were observed. Otherwise, no objects were visually detected throughout sandy beach body. The samples were transported to laboratory for further treatment. Photo by I. Chubarenko.<\/p>\n<p><strong>Field expedition on Zelenogradsk beach, May 27, 2016<\/strong><\/p>\n<p>The main goal includes the collection (layer by layer) of the sand samples in the middle area of wrackline from the beach surface down to the sea level.<\/p>\n<p><img loading=\"lazy\" class=\"wp-image-450 alignleft\" src=\"http:\/\/lamp.ocean.ru\/wp-content\/uploads\/2016\/10\/zelenogradsk_1-300x161.jpg\" alt=\"zelenogradsk_1\" width=\"341\" height=\"183\" srcset=\"http:\/\/lamp.ocean.ru\/wp-content\/uploads\/2016\/10\/zelenogradsk_1-300x161.jpg 300w, http:\/\/lamp.ocean.ru\/wp-content\/uploads\/2016\/10\/zelenogradsk_1.jpg 418w\" sizes=\"(max-width: 341px) 100vw, 341px\" \/><\/p>\n<p><img loading=\"lazy\" class=\"size-medium wp-image-452 alignleft\" src=\"http:\/\/lamp.ocean.ru\/wp-content\/uploads\/2016\/10\/zelenogradsk_2-300x183.jpg\" alt=\"zelenogradsk_2\" width=\"300\" height=\"183\" srcset=\"http:\/\/lamp.ocean.ru\/wp-content\/uploads\/2016\/10\/zelenogradsk_2-300x183.jpg 300w, http:\/\/lamp.ocean.ru\/wp-content\/uploads\/2016\/10\/zelenogradsk_2.jpg 357w\" sizes=\"(max-width: 300px) 100vw, 300px\" \/><\/p>\n<p>&nbsp;<\/p>\n<p>&nbsp;<\/p>\n<p>&nbsp;<\/p>\n<p>&nbsp;<\/p>\n<p>&nbsp;<\/p>\n<p>The samples collection by A. Bagaiev &amp; M. Bagaieva from the surface to 54 cm depth. The sand digging pit consists of the following bands: upper 5 cm \u2013 dry sand; approximately 20 cm wet sand interleaved with black and unnoticeable bands; below 18-20 cm depth the commencement of wet pebble band (5-7 cm); below \u2013 wet, sticky, soaked in water, and medium sand, with the thickness of 17-20 cm, the lower 5 cm \u2013 sea water, coarse sand and granules. Photos by E. Esiukova.<\/p>\n<p><img loading=\"lazy\" class=\"size-medium wp-image-453 alignleft\" src=\"http:\/\/lamp.ocean.ru\/wp-content\/uploads\/2016\/10\/zelenogradsk_3-300x166.jpg\" alt=\"zelenogradsk_3\" width=\"300\" height=\"166\" srcset=\"http:\/\/lamp.ocean.ru\/wp-content\/uploads\/2016\/10\/zelenogradsk_3-300x166.jpg 300w, http:\/\/lamp.ocean.ru\/wp-content\/uploads\/2016\/10\/zelenogradsk_3.jpg 377w\" sizes=\"(max-width: 300px) 100vw, 300px\" \/><\/p>\n<p>&nbsp;<\/p>\n<p>&nbsp;<\/p>\n<p>&nbsp;<\/p>\n<p>&nbsp;<\/p>\n<p>&nbsp;<\/p>\n<p>The collection of microplastics samples at 4 locations in upper 10 cm sand on the beach performed by A. Bagaiev &amp; M. Bagaieva. Photos by E. Esiukova.<\/p>\n<p><img loading=\"lazy\" class=\"size-medium wp-image-454 alignleft\" src=\"http:\/\/lamp.ocean.ru\/wp-content\/uploads\/2016\/10\/zelenogradsk_4-213x300.jpg\" alt=\"zelenogradsk_4\" width=\"213\" height=\"300\" srcset=\"http:\/\/lamp.ocean.ru\/wp-content\/uploads\/2016\/10\/zelenogradsk_4-213x300.jpg 213w, http:\/\/lamp.ocean.ru\/wp-content\/uploads\/2016\/10\/zelenogradsk_4.jpg 263w\" sizes=\"(max-width: 213px) 100vw, 213px\" \/>\u00a0<img loading=\"lazy\" class=\" wp-image-455 alignleft\" src=\"http:\/\/lamp.ocean.ru\/wp-content\/uploads\/2016\/10\/zelenogradsk_5-300x175.jpg\" alt=\"zelenogradsk_5\" width=\"307\" height=\"179\" srcset=\"http:\/\/lamp.ocean.ru\/wp-content\/uploads\/2016\/10\/zelenogradsk_5-300x175.jpg 300w, http:\/\/lamp.ocean.ru\/wp-content\/uploads\/2016\/10\/zelenogradsk_5.jpg 409w\" sizes=\"(max-width: 307px) 100vw, 307px\" \/><\/p>\n<p>&nbsp;<\/p>\n<p>&nbsp;<\/p>\n<p>&nbsp;<\/p>\n<p>&nbsp;<\/p>\n<p>The collection of samples on the wrackline (at the middle of the beach where the excessive concentration of debris washed ashore is observed). The higher concentration of macro- and mesoplastic (and other debris), large pieces of paraffin along the wrackline. Photos by E. Esiukova.<\/p>\n","protected":false},"excerpt":{"rendered":"<div class=\"mh-excerpt\"><p>Physical and dynamical properties of microplastic particles and their transport in the basin with horizontal and vertical salinity gradient in the Baltic Sea, June 30 <a class=\"mh-excerpt-more\" href=\"http:\/\/lamp.ocean.ru\/index.php\/coastal-field-observations\/\" title=\"Coastal field observations\">[&#8230;]<\/a><\/p>\n<\/div>","protected":false},"author":1,"featured_media":0,"parent":0,"menu_order":0,"comment_status":"closed","ping_status":"closed","template":"","meta":[],"_links":{"self":[{"href":"http:\/\/lamp.ocean.ru\/index.php\/wp-json\/wp\/v2\/pages\/228"}],"collection":[{"href":"http:\/\/lamp.ocean.ru\/index.php\/wp-json\/wp\/v2\/pages"}],"about":[{"href":"http:\/\/lamp.ocean.ru\/index.php\/wp-json\/wp\/v2\/types\/page"}],"author":[{"embeddable":true,"href":"http:\/\/lamp.ocean.ru\/index.php\/wp-json\/wp\/v2\/users\/1"}],"replies":[{"embeddable":true,"href":"http:\/\/lamp.ocean.ru\/index.php\/wp-json\/wp\/v2\/comments?post=228"}],"version-history":[{"count":17,"href":"http:\/\/lamp.ocean.ru\/index.php\/wp-json\/wp\/v2\/pages\/228\/revisions"}],"predecessor-version":[{"id":496,"href":"http:\/\/lamp.ocean.ru\/index.php\/wp-json\/wp\/v2\/pages\/228\/revisions\/496"}],"wp:attachment":[{"href":"http:\/\/lamp.ocean.ru\/index.php\/wp-json\/wp\/v2\/media?parent=228"}],"curies":[{"name":"wp","href":"https:\/\/api.w.org\/{rel}","templated":true}]}}